{"id":1108,"date":"2022-10-29T09:21:40","date_gmt":"2022-10-29T09:21:40","guid":{"rendered":"https:\/\/www.pappin.be\/privacy-policy\/"},"modified":"2025-10-03T08:13:47","modified_gmt":"2025-10-03T08:13:47","slug":"politique-confidentialite-cookies","status":"publish","type":"page","link":"https:\/\/www.pappin.be\/fr\/politique-confidentialite-cookies\/","title":{"rendered":"Politique de confidentialit\u00e9 et de cookies"},"content":{"rendered":"\t\t<div data-elementor-type=\"wp-page\" data-elementor-id=\"1108\" class=\"elementor elementor-1108 elementor-88\" data-elementor-post-type=\"page\">\n\t\t\t\t\t\t<section class=\"elementor-section elementor-top-section elementor-element elementor-element-7d7abbb elementor-section-full_width elementor-section-height-min-height elementor-section-items-stretch elementor-section-height-default\" data-id=\"7d7abbb\" data-element_type=\"section\" data-settings=\"{&quot;background_background&quot;:&quot;classic&quot;}\">\n\t\t\t\t\t\t<div class=\"elementor-container elementor-column-gap-default\">\n\t\t\t\t\t<div class=\"elementor-column elementor-col-50 elementor-top-column elementor-element elementor-element-b270ac7\" data-id=\"b270ac7\" data-element_type=\"column\">\n\t\t\t<div class=\"elementor-widget-wrap\">\n\t\t\t\t\t\t\t<\/div>\n\t\t<\/div>\n\t\t\t\t<div class=\"elementor-column elementor-col-50 elementor-top-column elementor-element elementor-element-9663dab\" data-id=\"9663dab\" data-element_type=\"column\" data-settings=\"{&quot;background_background&quot;:&quot;gradient&quot;}\">\n\t\t\t<div class=\"elementor-widget-wrap elementor-element-populated\">\n\t\t\t\t\t\t<div class=\"elementor-element elementor-element-0d3e665 elementor-widget elementor-widget-heading\" data-id=\"0d3e665\" data-element_type=\"widget\" data-widget_type=\"heading.default\">\n\t\t\t\t<div class=\"elementor-widget-container\">\n\t\t\t\t\t<h1 class=\"elementor-heading-title elementor-size-default\">Politique de confidentialit\u00e9 et de cookies <\/h1>\t\t\t\t<\/div>\n\t\t\t\t<\/div>\n\t\t\t\t\t<\/div>\n\t\t<\/div>\n\t\t\t\t\t<\/div>\n\t\t<\/section>\n\t\t\t\t<section class=\"elementor-section elementor-top-section elementor-element elementor-element-fb0adef elementor-section-boxed elementor-section-height-default elementor-section-height-default\" data-id=\"fb0adef\" data-element_type=\"section\">\n\t\t\t\t\t\t<div class=\"elementor-container elementor-column-gap-default\">\n\t\t\t\t\t<div class=\"elementor-column elementor-col-100 elementor-top-column elementor-element elementor-element-c263c59\" data-id=\"c263c59\" data-element_type=\"column\">\n\t\t\t<div class=\"elementor-widget-wrap elementor-element-populated\">\n\t\t\t\t\t\t<div class=\"elementor-element elementor-element-c58201f elementor-widget elementor-widget-text-editor\" data-id=\"c58201f\" data-element_type=\"widget\" data-widget_type=\"text-editor.default\">\n\t\t\t\t<div class=\"elementor-widget-container\">\n\t\t\t\t\t\t\t\t\t<ul><li>Company name: Pappin\u00a0\u00a0<\/li><li>Phone: +32 483 85 02 25<\/li><li>Email: fashion@pappin.be<\/li><li>Company number : 1028.278.687<\/li><\/ul>\t\t\t\t\t\t\t\t<\/div>\n\t\t\t\t<\/div>\n\t\t\t\t<div class=\"elementor-element elementor-element-d4a14be elementor-widget elementor-widget-heading\" data-id=\"d4a14be\" data-element_type=\"widget\" data-widget_type=\"heading.default\">\n\t\t\t\t<div class=\"elementor-widget-container\">\n\t\t\t\t\t<h2 class=\"elementor-heading-title elementor-size-default\">Politique de confidentialit\u00e9 et de cookies <\/h2>\t\t\t\t<\/div>\n\t\t\t\t<\/div>\n\t\t\t\t<div class=\"elementor-element elementor-element-8a59cc4 elementor-widget elementor-widget-text-editor\" data-id=\"8a59cc4\" data-element_type=\"widget\" data-widget_type=\"text-editor.default\">\n\t\t\t\t<div class=\"elementor-widget-container\">\n\t\t\t\t\t\t\t\t\t<p>Nous attachons une grande importance \u00e0 la protection de vos donn\u00e9es personnelles.<\/p><ol><li><strong> Donn\u00e9es collect\u00e9es<\/strong><br \/>Nous collectons uniquement les donn\u00e9es strictement n\u00e9cessaires : nom, e-mail, coordonn\u00e9es, pr\u00e9f\u00e9rences, et donn\u00e9es de navigation via cookies. Certaines sont indispensables au bon fonctionnement du site, d&rsquo;autres (comme les cookies de mesure d\u2019audience ou marketing) sont facultatives et soumises \u00e0 votre consentement.<\/li><li><strong> Utilisation de vos donn\u00e9es<\/strong><br \/>Vos donn\u00e9es sont utilis\u00e9es uniquement pour r\u00e9pondre \u00e0 vos demandes, am\u00e9liorer nos services, assurer la s\u00e9curit\u00e9 du site ou, avec votre accord, vous envoyer des communications personnalis\u00e9es. Nous ne les vendons pas et les partageons uniquement avec des prestataires de confiance, dans la limite n\u00e9cessaire.<\/li><li><strong> Vos droits<\/strong><br \/>Conform\u00e9ment au RGPD, vous pouvez \u00e0 tout moment acc\u00e9der \u00e0 vos donn\u00e9es, demander leur rectification, leur suppression, ou limiter leur traitement. Vous pouvez \u00e9galement vous opposer \u00e0 certains traitements ou retirer votre consentement.<\/li><li><strong> Cookies<\/strong><br \/>Des cookies peuvent \u00eatre install\u00e9s sur votre appareil pour garantir le bon fonctionnement du site, mesurer l\u2019audience ou personnaliser le contenu. Vous pouvez accepter, refuser ou param\u00e9trer leur utilisation \u00e0 tout moment depuis notre panneau de gestion des cookies.<\/li><li><strong> S\u00e9curit\u00e9 et conservation<\/strong><br \/>Vos donn\u00e9es sont stock\u00e9es de fa\u00e7on s\u00e9curis\u00e9e et ne sont conserv\u00e9es que le temps n\u00e9cessaire \u00e0 leur traitement, conform\u00e9ment aux exigences l\u00e9gales.<\/li><\/ol>\t\t\t\t\t\t\t\t<\/div>\n\t\t\t\t<\/div>\n\t\t\t\t<div class=\"elementor-element elementor-element-d51fdd4 elementor-widget elementor-widget-heading\" data-id=\"d51fdd4\" data-element_type=\"widget\" data-widget_type=\"heading.default\">\n\t\t\t\t<div class=\"elementor-widget-container\">\n\t\t\t\t\t<h2 class=\"elementor-heading-title elementor-size-default\">Politique en mati\u00e8re de cookies<\/h2>\t\t\t\t<\/div>\n\t\t\t\t<\/div>\n\t\t\t\t<div class=\"elementor-element elementor-element-d33af27 elementor-widget elementor-widget-text-editor\" data-id=\"d33af27\" data-element_type=\"widget\" data-widget_type=\"text-editor.default\">\n\t\t\t\t<div class=\"elementor-widget-container\">\n\t\t\t\t\t\t\t\t\t<p>Vie priv\u00e9e &#8211; Protection des donn\u00e9es personnelles<br \/>Toutes vos donn\u00e9es personnelles seront trait\u00e9es dans le respect des dispositions de la loi du 8 d\u00e9cembre 1992 relative \u00e0 la protection des donn\u00e9es \u00e0 caract\u00e8re personnel.<\/p><p>Informations g\u00e9n\u00e9rales<br \/>Le pr\u00e9sent site utilise des cookies. Un cookie est un petit fichier texte qui est enregistr\u00e9 par votre navigateur et qui permet de conserver les informations \u00e9chang\u00e9es entre les pages web et les sessions de navigation. Nous utilisons des cookies g\u00e9n\u00e9r\u00e9s et utilis\u00e9s par le pr\u00e9sent site (cookies de premi\u00e8re partie) et des cookies g\u00e9n\u00e9r\u00e9s par des tiers (cookies de tierce partie, par exemple Google). Les cookies nous permettent de m\u00e9moriser toute information si vous l&rsquo;ins\u00e9rez dans le syst\u00e8me. Les cookies ne peuvent m\u00e9moriser que du texte, ce texte est toujours anonyme et le plus souvent cod\u00e9.<\/p><p>Qu&rsquo;est-ce qu&rsquo;un cookie ?<br \/>Les cookies sont de petits fichiers texte qui sont stock\u00e9s par les sites web que vous visitez afin de permettre une \u00e9ventuelle utilisation ult\u00e9rieure des donn\u00e9es sur le site. Le site transf\u00e8re des informations entre les pages et analyse \u00e9galement l&rsquo;interaction avec le site. Les cookies sont s\u00e9curis\u00e9s ; ils ne peuvent stocker que les informations qui y ont \u00e9t\u00e9 plac\u00e9es par le navigateur, c&rsquo;est-\u00e0-dire les informations que l&rsquo;utilisateur a saisies dans le navigateur. Les cookies ne peuvent pas \u00eatre ex\u00e9cut\u00e9s en tant que code, ni \u00eatre utilis\u00e9s pour acc\u00e9der \u00e0 votre ordinateur. Lorsqu&rsquo;un site web encode des informations dans le cookie, seul ce site web peut lire ces informations. Il existe deux types de cookies : le cookie de session et le cookie permanent. Les cookies de session contiennent des informations qui sont utilis\u00e9es dans le contexte de votre session de navigation actuelle. Ces cookies sont automatiquement supprim\u00e9s lorsque vous fermez votre navigateur. Hormis les moments que vous passez sur le site en question, rien n&rsquo;est sauvegard\u00e9. Les cookies permanents sont utilis\u00e9s pour obtenir des informations entre les diff\u00e9rentes visites sur les sites web. Ces donn\u00e9es permettent aux sites de vous reconna\u00eetre en tant que client r\u00e9current et de r\u00e9agir en cons\u00e9quence. Les cookies permanents ont une dur\u00e9e de vie d\u00e9termin\u00e9e par le site web, qui peut varier de quelques minutes \u00e0 plusieurs ann\u00e9es.<\/p><p>Pourquoi le pr\u00e9sent site utilise-t-il des cookies ?<br \/>Les cookies sont utilis\u00e9s pour m\u00e9moriser les donn\u00e9es de votre session pendant le reste du processus sur le site, ils v\u00e9rifient si vous \u00eates connect\u00e9. Ils sont utilis\u00e9s pour afficher des produits pertinents lors de la visite du site. Pour les mesures de trafic (Web Analytics), nous collaborons avec Google. Les cookies de Web Analytics sont utilis\u00e9s pour identifier les nouveaux utilisateurs et les utilisateurs r\u00e9currents du site. Les informations stock\u00e9es dans le cookie permettent \u00e0 Google de savoir quelles pages, quels produits et quels services vous avez visit\u00e9s. Les informations enregistr\u00e9es sont utilis\u00e9es pour \u00e9tablir des statistiques sur le nombre de visiteurs, les visites uniques, les visites r\u00e9currentes, etc. Ces cookies permettent donc de suivre l&rsquo;interaction avec le client au sein du site et de fournir des informations pr\u00e9cieuses pour am\u00e9liorer le site et les produits et services propos\u00e9s.<\/p><p>Quels sont les cookies cr\u00e9\u00e9s par le site ?<br \/>Les cookies de session que nous enregistrons contiennent, entre autres, les donn\u00e9es utilis\u00e9es par le serveur, et \u00e9ventuellement d&rsquo;autres informations enregistr\u00e9es si vous avez choisi cette option en cochant \u00ab\u00a0se souvenir de moi\u00a0\u00bb.<br \/>Google enregistre des cookies de session et des cookies permanents. Ces cookies ne contiennent pas de donn\u00e9es personnelles. La suppression ou la d\u00e9sactivation de ces cookies n&rsquo;affecte pas votre exp\u00e9rience ou la fonctionnalit\u00e9 du site.<\/p><p>D\u00e9sactiver et supprimer les cookies<br \/>Dans tous les navigateurs, vous avez la possibilit\u00e9 d&rsquo;indiquer dans les param\u00e8tres ou les options dans quelle mesure vous acceptez les cookies. Si vous ne trouvez pas les param\u00e8tres, consultez la fonction d&rsquo;aide de votre navigateur. Votre navigateur vous permet de visualiser et de supprimer les cookies qui se trouvent actuellement sur votre ordinateur.<br \/>Si vous d\u00e9sactivez vos cookies, vous ne pourrez plus consulter le contenu des pages s\u00e9curis\u00e9es du site et vous ne pourrez donc plus consulter les offres. La d\u00e9sactivation des cookies a \u00e9galement un effet sur la gestion de votre session, mais n&#8217;emp\u00eachera pas le code Analytics d&rsquo;identifier votre visite sur le site.<\/p>\t\t\t\t\t\t\t\t<\/div>\n\t\t\t\t<\/div>\n\t\t\t\t\t<\/div>\n\t\t<\/div>\n\t\t\t\t\t<\/div>\n\t\t<\/section>\n\t\t\t\t<\/div>\n\t\t","protected":false},"excerpt":{"rendered":"<p>Politique de confidentialit\u00e9 et de cookies Company name: Pappin\u00a0\u00a0 Phone: +32 483 85 02 25 Email: fashion@pappin.be Company number : 1028.278.687 Politique de confidentialit\u00e9 et de cookies Nous attachons une grande importance \u00e0 la protection de vos donn\u00e9es personnelles. Donn\u00e9es collect\u00e9esNous collectons uniquement les donn\u00e9es strictement n\u00e9cessaires : nom, e-mail, coordonn\u00e9es, pr\u00e9f\u00e9rences, et donn\u00e9es de [&hellip;]<\/p>\n","protected":false},"author":1,"featured_media":0,"parent":0,"menu_order":0,"comment_status":"closed","ping_status":"closed","template":"elementor_header_footer","meta":{"footnotes":""},"class_list":["post-1108","page","type-page","status-publish","hentry"],"jetpack_sharing_enabled":true,"_links":{"self":[{"href":"https:\/\/www.pappin.be\/fr\/wp-json\/wp\/v2\/pages\/1108","targetHints":{"allow":["GET"]}}],"collection":[{"href":"https:\/\/www.pappin.be\/fr\/wp-json\/wp\/v2\/pages"}],"about":[{"href":"https:\/\/www.pappin.be\/fr\/wp-json\/wp\/v2\/types\/page"}],"author":[{"embeddable":true,"href":"https:\/\/www.pappin.be\/fr\/wp-json\/wp\/v2\/users\/1"}],"replies":[{"embeddable":true,"href":"https:\/\/www.pappin.be\/fr\/wp-json\/wp\/v2\/comments?post=1108"}],"version-history":[{"count":8,"href":"https:\/\/www.pappin.be\/fr\/wp-json\/wp\/v2\/pages\/1108\/revisions"}],"predecessor-version":[{"id":1225,"href":"https:\/\/www.pappin.be\/fr\/wp-json\/wp\/v2\/pages\/1108\/revisions\/1225"}],"wp:attachment":[{"href":"https:\/\/www.pappin.be\/fr\/wp-json\/wp\/v2\/media?parent=1108"}],"curies":[{"name":"wp","href":"https:\/\/api.w.org\/{rel}","templated":true}]}}