{"id":887,"date":"2024-04-25T08:10:19","date_gmt":"2024-04-25T08:10:19","guid":{"rendered":"https:\/\/www.pappin.be\/panier\/"},"modified":"2025-06-24T08:27:26","modified_gmt":"2025-06-24T08:27:26","slug":"panier","status":"publish","type":"page","link":"https:\/\/www.pappin.be\/fr\/panier\/","title":{"rendered":"Panier"},"content":{"rendered":"\t\t<div data-elementor-type=\"wp-page\" data-elementor-id=\"887\" class=\"elementor elementor-887 elementor-483\" data-elementor-post-type=\"page\">\n\t\t\t\t\t\t<section class=\"elementor-section elementor-top-section elementor-element elementor-element-a2dc812 elementor-section-boxed elementor-section-height-default elementor-section-height-default\" data-id=\"a2dc812\" data-element_type=\"section\">\n\t\t\t\t\t\t<div class=\"elementor-container elementor-column-gap-default\">\n\t\t\t\t\t<div class=\"elementor-column elementor-col-100 elementor-top-column elementor-element elementor-element-a9310b6\" data-id=\"a9310b6\" data-element_type=\"column\">\n\t\t\t<div class=\"elementor-widget-wrap elementor-element-populated\">\n\t\t\t\t\t\t<div class=\"elementor-element elementor-element-d956fe3 elementor-widget elementor-widget-text-editor\" data-id=\"d956fe3\" data-element_type=\"widget\" data-widget_type=\"text-editor.default\">\n\t\t\t\t<div class=\"elementor-widget-container\">\n\t\t\t\t\t\t\t\t\t<p><i><span style=\"font-size: 11.0pt; font-family: 'Calibri',sans-serif; color: black;\">Veuillez noter que pour toute commande exp\u00e9di\u00e9e depuis la Belgique vers un pays en dehors de la Communaut\u00e9 europ\u00e9enne, tel que le Royaume-Uni, des frais d\u2019importation (TVA locale et\/ou droits de douane) peuvent \u00eatre exig\u00e9s \u00e0 la livraison. Ces frais sont \u00e0 la charge du destinataire. <\/span><\/i><\/p>\t\t\t\t\t\t\t\t<\/div>\n\t\t\t\t<\/div>\n\t\t\t\t\t<\/div>\n\t\t<\/div>\n\t\t\t\t\t<\/div>\n\t\t<\/section>\n\t\t\t\t<section class=\"elementor-section elementor-top-section elementor-element elementor-element-de2ff60 elementor-section-boxed elementor-section-height-default elementor-section-height-default\" data-id=\"de2ff60\" data-element_type=\"section\">\n\t\t\t\t\t\t<div class=\"elementor-container elementor-column-gap-default\">\n\t\t\t\t\t<div class=\"elementor-column elementor-col-100 elementor-top-column elementor-element elementor-element-d826879\" data-id=\"d826879\" data-element_type=\"column\">\n\t\t\t<div class=\"elementor-widget-wrap elementor-element-populated\">\n\t\t\t\t\t\t<div class=\"elementor-element elementor-element-b355a1d elementor-widget elementor-widget-spacer\" data-id=\"b355a1d\" data-element_type=\"widget\" data-widget_type=\"spacer.default\">\n\t\t\t\t<div class=\"elementor-widget-container\">\n\t\t\t\t\t\t\t<div class=\"elementor-spacer\">\n\t\t\t<div class=\"elementor-spacer-inner\"><\/div>\n\t\t<\/div>\n\t\t\t\t\t\t<\/div>\n\t\t\t\t<\/div>\n\t\t\t\t\t<\/div>\n\t\t<\/div>\n\t\t\t\t\t<\/div>\n\t\t<\/section>\n\t\t\t\t<\/div>\n\t\t","protected":false},"excerpt":{"rendered":"<p>Veuillez noter que pour toute commande exp\u00e9di\u00e9e depuis la Belgique vers un pays en dehors de la Communaut\u00e9 europ\u00e9enne, tel que le Royaume-Uni, des frais d\u2019importation (TVA locale et\/ou droits de douane) peuvent \u00eatre exig\u00e9s \u00e0 la livraison. Ces frais sont \u00e0 la charge du destinataire.<\/p>\n","protected":false},"author":1,"featured_media":0,"parent":0,"menu_order":0,"comment_status":"closed","ping_status":"closed","template":"","meta":{"footnotes":""},"class_list":["post-887","page","type-page","status-publish","hentry"],"jetpack_sharing_enabled":true,"_links":{"self":[{"href":"https:\/\/www.pappin.be\/fr\/wp-json\/wp\/v2\/pages\/887","targetHints":{"allow":["GET"]}}],"collection":[{"href":"https:\/\/www.pappin.be\/fr\/wp-json\/wp\/v2\/pages"}],"about":[{"href":"https:\/\/www.pappin.be\/fr\/wp-json\/wp\/v2\/types\/page"}],"author":[{"embeddable":true,"href":"https:\/\/www.pappin.be\/fr\/wp-json\/wp\/v2\/users\/1"}],"replies":[{"embeddable":true,"href":"https:\/\/www.pappin.be\/fr\/wp-json\/wp\/v2\/comments?post=887"}],"version-history":[{"count":2,"href":"https:\/\/www.pappin.be\/fr\/wp-json\/wp\/v2\/pages\/887\/revisions"}],"predecessor-version":[{"id":1076,"href":"https:\/\/www.pappin.be\/fr\/wp-json\/wp\/v2\/pages\/887\/revisions\/1076"}],"wp:attachment":[{"href":"https:\/\/www.pappin.be\/fr\/wp-json\/wp\/v2\/media?parent=887"}],"curies":[{"name":"wp","href":"https:\/\/api.w.org\/{rel}","templated":true}]}}