{"id":976,"date":"2024-12-06T14:32:26","date_gmt":"2024-12-06T14:32:26","guid":{"rendered":"https:\/\/www.pappin.be\/product\/elegants-porte-cles-en-cuir\/"},"modified":"2025-07-01T13:12:29","modified_gmt":"2025-07-01T13:12:29","slug":"elegants-porte-cles-en-cuir","status":"publish","type":"product","link":"https:\/\/www.pappin.be\/fr\/produit\/elegants-porte-cles-en-cuir\/","title":{"rendered":"\u00c9l\u00e9gants Porte-Cl\u00e9s En Cuir"},"content":{"rendered":"<p>Notre ensemble de deux porte-cl\u00e9s allie praticit\u00e9 et sophistication. Chaque porte-cl\u00e9s arbore un design \u00e9l\u00e9gant, orn\u00e9 du logo distinctif <strong>PP<\/strong> pour une touche d&rsquo;exclusivit\u00e9.<\/p>\n<ul>\n<li><strong>Option disponible <\/strong>: En finition dor\u00e9e ou argent\u00e9e, agr\u00e9ment\u00e9e d\u2019une languette de cuir de fine fleur de vachette pour un aspect raffin\u00e9.<\/li>\n<li><strong>Marquage distinctif<\/strong> : Le logo Pappin apporte une touche de raffinement, assurant que vos cl\u00e9s restent parfaitement prot\u00e9g\u00e9es tout en \u00e9tant mises en valeur avec style.<\/li>\n<\/ul>\n<p>Parfait pour un usage quotidien ou comme cadeau attentionn\u00e9, ces porte-cl\u00e9s incarnent l&rsquo;\u00e9l\u00e9gance intemporelle synonyme de notre marque.<\/p>\n","protected":false},"excerpt":{"rendered":"<p>Notre ensemble de deux porte-cl\u00e9s allie praticit\u00e9 et sophistication. Chaque porte-cl\u00e9s arbore un design \u00e9l\u00e9gant, orn\u00e9 du logo distinctif <strong>PP<\/strong> pour une touche d&rsquo;exclusivit\u00e9.<\/p>\n<ul>\n<li><strong>Option disponible <\/strong>: En finition dor\u00e9e ou argent\u00e9e, agr\u00e9ment\u00e9e d\u2019une languette de cuir de fine fleur de vachette pour un aspect raffin\u00e9.<\/li>\n<li><strong>Marquage distinctif<\/strong> : Le logo Pappin apporte une touche de raffinement, assurant que vos cl\u00e9s restent parfaitement prot\u00e9g\u00e9es tout en \u00e9tant mises en valeur avec style.<\/li>\n<\/ul>\n<p>Parfait pour un usage quotidien ou comme cadeau attentionn\u00e9, ces porte-cl\u00e9s incarnent l&rsquo;\u00e9l\u00e9gance intemporelle synonyme de notre marque.<\/p>\n","protected":false},"featured_media":942,"template":"","meta":[],"product_brand":[],"product_cat":[36],"product_tag":[],"class_list":{"0":"post-976","1":"product","2":"type-product","3":"status-publish","4":"has-post-thumbnail","6":"product_cat-porte-cles","8":"first","9":"instock","10":"taxable","11":"shipping-taxable","12":"purchasable","13":"product-type-variable"},"jetpack_sharing_enabled":true,"_links":{"self":[{"href":"https:\/\/www.pappin.be\/fr\/wp-json\/wp\/v2\/product\/976","targetHints":{"allow":["GET"]}}],"collection":[{"href":"https:\/\/www.pappin.be\/fr\/wp-json\/wp\/v2\/product"}],"about":[{"href":"https:\/\/www.pappin.be\/fr\/wp-json\/wp\/v2\/types\/product"}],"wp:featuredmedia":[{"embeddable":true,"href":"https:\/\/www.pappin.be\/fr\/wp-json\/wp\/v2\/media\/942"}],"wp:attachment":[{"href":"https:\/\/www.pappin.be\/fr\/wp-json\/wp\/v2\/media?parent=976"}],"wp:term":[{"taxonomy":"product_brand","embeddable":true,"href":"https:\/\/www.pappin.be\/fr\/wp-json\/wp\/v2\/product_brand?post=976"},{"taxonomy":"product_cat","embeddable":true,"href":"https:\/\/www.pappin.be\/fr\/wp-json\/wp\/v2\/product_cat?post=976"},{"taxonomy":"product_tag","embeddable":true,"href":"https:\/\/www.pappin.be\/fr\/wp-json\/wp\/v2\/product_tag?post=976"}],"curies":[{"name":"wp","href":"https:\/\/api.w.org\/{rel}","templated":true}]}}